{"id":18873,"date":"2023-04-06T09:15:24","date_gmt":"2023-04-06T09:15:24","guid":{"rendered":"https:\/\/tsuiteapp.es\/?page_id=18873"},"modified":"2023-04-06T10:08:05","modified_gmt":"2023-04-06T10:08:05","slug":"inteligencia-artificial-ia","status":"publish","type":"page","link":"https:\/\/tsuiteapp.es\/en\/inteligencia-artificial-ia\/","title":{"rendered":"Inteligencia artificial (IA)"},"content":{"rendered":"<div data-elementor-type=\"wp-page\" data-elementor-id=\"18873\" class=\"elementor elementor-18873\">\n\t\t\t\t\t\t<section class=\"elementor-section elementor-top-section elementor-element elementor-element-7d6365a6 elementor-section-boxed elementor-section-height-default elementor-section-height-default\" data-id=\"7d6365a6\" data-element_type=\"section\" data-settings=\"{&quot;background_background&quot;:&quot;classic&quot;}\">\n\t\t\t\t\t\t<div class=\"elementor-container elementor-column-gap-default\">\n\t\t\t\t\t<div class=\"elementor-column elementor-col-100 elementor-top-column elementor-element elementor-element-3c0e99aa\" data-id=\"3c0e99aa\" data-element_type=\"column\">\n\t\t\t<div class=\"elementor-widget-wrap elementor-element-populated\">\n\t\t\t\t\t\t<div class=\"elementor-element elementor-element-5c4ec1b6 elementor-widget elementor-widget-heading\" data-id=\"5c4ec1b6\" data-element_type=\"widget\" data-widget_type=\"heading.default\">\n\t\t\t\t<div class=\"elementor-widget-container\">\n\t\t\t\t\t<h1 class=\"elementor-heading-title elementor-size-default\">AI Feedback<\/h1>\t\t\t\t<\/div>\n\t\t\t\t<\/div>\n\t\t\t\t<div class=\"elementor-element elementor-element-9988977 elementor-widget elementor-widget-text-editor\" data-id=\"9988977\" data-element_type=\"widget\" data-widget_type=\"text-editor.default\">\n\t\t\t\t<div class=\"elementor-widget-container\">\n\t\t\t\t\t\t\t\t\t<p>Save up to 50% of your reporting time with our AI-based functionality.<\/p>\t\t\t\t\t\t\t\t<\/div>\n\t\t\t\t<\/div>\n\t\t\t\t\t<\/div>\n\t\t<\/div>\n\t\t\t\t\t<\/div>\n\t\t<\/section>\n\t\t\t\t<section class=\"elementor-section elementor-top-section elementor-element elementor-element-2dc7069a elementor-section-boxed elementor-section-height-default elementor-section-height-default\" data-id=\"2dc7069a\" data-element_type=\"section\">\n\t\t\t\t\t\t<div class=\"elementor-container elementor-column-gap-default\">\n\t\t\t\t\t<div class=\"elementor-column elementor-col-100 elementor-top-column elementor-element elementor-element-3144b298\" data-id=\"3144b298\" data-element_type=\"column\">\n\t\t\t<div class=\"elementor-widget-wrap elementor-element-populated\">\n\t\t\t\t\t\t<div class=\"elementor-element elementor-element-ec7343e elementor-widget elementor-widget-elementskit-heading\" data-id=\"ec7343e\" data-element_type=\"widget\" data-widget_type=\"elementskit-heading.default\">\n\t\t\t\t<div class=\"elementor-widget-container\">\n\t\t\t\t\t<div class=\"ekit-wid-con\" ><div class=\"ekit-heading elementskit-section-title-wraper text_center   ekit_heading_tablet-   ekit_heading_mobile-\"><h2 class=\"ekit-heading--title elementskit-section-title\">Save time with the <span><span>intelligent feedback<\/span><\/span><\/h2><div class=\"ekit_heading_separetor_wraper ekit_heading_elementskit-border-divider ekit-dotted\"><div class=\"elementskit-border-divider ekit-dotted\"><\/div><\/div><\/div><\/div>\t\t\t\t<\/div>\n\t\t\t\t<\/div>\n\t\t\t\t<div class=\"elementor-element elementor-element-574d5a6b elementor-widget elementor-widget-text-editor\" data-id=\"574d5a6b\" data-element_type=\"widget\" data-widget_type=\"text-editor.default\">\n\t\t\t\t<div class=\"elementor-widget-container\">\n\t\t\t\t\t\t\t\t\t<p>Are you tired of spending hours writing reports? Would you like to find a more efficient way of doing it?<\/p><p>We have a solution for you. TalentSuite now has a new functionality of <strong>artificial intelligence<\/strong> that will allow you to write reports in <strong>less time and with greater precision<\/strong>.<\/p><p>This AI functionality allows you to create professional evaluation reports by using algorithms and models with <strong>natural language<\/strong>.<\/p><p>This means that TalentSuite will be able to provide you with text automatically, <strong>saving<\/strong> time and effort in report writing.<\/p>\t\t\t\t\t\t\t\t<\/div>\n\t\t\t\t<\/div>\n\t\t\t\t<div class=\"elementor-element elementor-element-1e9c37a elementor-widget elementor-widget-elementskit-heading\" data-id=\"1e9c37a\" data-element_type=\"widget\" data-widget_type=\"elementskit-heading.default\">\n\t\t\t\t<div class=\"elementor-widget-container\">\n\t\t\t\t\t<div class=\"ekit-wid-con\" ><div class=\"ekit-heading elementskit-section-title-wraper text_center   ekit_heading_tablet-   ekit_heading_mobile-\"><h2 class=\"ekit-heading--title elementskit-section-title\">How can <span><span>help me<\/span><\/span>?<\/h2><div class=\"ekit_heading_separetor_wraper ekit_heading_elementskit-border-divider ekit-dotted\"><div class=\"elementskit-border-divider ekit-dotted\"><\/div><\/div><\/div><\/div>\t\t\t\t<\/div>\n\t\t\t\t<\/div>\n\t\t\t\t<div class=\"elementor-element elementor-element-9be0ff7 elementor-widget elementor-widget-text-editor\" data-id=\"9be0ff7\" data-element_type=\"widget\" data-widget_type=\"text-editor.default\">\n\t\t\t\t<div class=\"elementor-widget-container\">\n\t\t\t\t\t\t\t\t\t<p>TalentSuite uses a natural language model that has been trained on thousands of professional assessment reports. The AI analyses all the data provided in the assessment (competencies, dictionary, results, annotations, scales, etc...) and automatically generates an accurate and consistent report text, <strong>with the possibility of being modified, validated and adapted by you<\/strong>.<\/p><p>There is no additional cost for using TalentSuite's artificial intelligence functionality. It is included in the regular subscription to the application.<\/p>\t\t\t\t\t\t\t\t<\/div>\n\t\t\t\t<\/div>\n\t\t\t\t<div class=\"elementor-element elementor-element-fcb355d elementor-widget elementor-widget-elementskit-heading\" data-id=\"fcb355d\" data-element_type=\"widget\" data-widget_type=\"elementskit-heading.default\">\n\t\t\t\t<div class=\"elementor-widget-container\">\n\t\t\t\t\t<div class=\"ekit-wid-con\" ><div class=\"ekit-heading elementskit-section-title-wraper text_center   ekit_heading_tablet-   ekit_heading_mobile-\"><h2 class=\"ekit-heading--title elementskit-section-title\"><span><span>One example<\/span><\/span>, better than a thousand words<\/h2><div class=\"ekit_heading_separetor_wraper ekit_heading_elementskit-border-divider ekit-dotted\"><div class=\"elementskit-border-divider ekit-dotted\"><\/div><\/div><\/div><\/div>\t\t\t\t<\/div>\n\t\t\t\t<\/div>\n\t\t\t\t<section class=\"elementor-section elementor-inner-section elementor-element elementor-element-6ea1d9f elementor-section-boxed elementor-section-height-default elementor-section-height-default\" data-id=\"6ea1d9f\" data-element_type=\"section\">\n\t\t\t\t\t\t<div class=\"elementor-container elementor-column-gap-default\">\n\t\t\t\t\t<div class=\"elementor-column elementor-col-100 elementor-inner-column elementor-element elementor-element-d188047\" data-id=\"d188047\" data-element_type=\"column\">\n\t\t\t<div class=\"elementor-widget-wrap elementor-element-populated\">\n\t\t\t\t\t\t<div class=\"elementor-element elementor-element-747e926 elementor-widget__width-auto elementor-widget elementor-widget-image\" data-id=\"747e926\" data-element_type=\"widget\" data-widget_type=\"image.default\">\n\t\t\t\t<div class=\"elementor-widget-container\">\n\t\t\t\t\t\t\t\t\t\t\t\t\t\t\t\t<a href=\"https:\/\/tsuiteapp.es\/wp-content\/uploads\/2023\/04\/feedback_IA_EN.jpg\" data-elementor-open-lightbox=\"yes\" data-elementor-lightbox-title=\"feedback_IA\" data-e-action-hash=\"#elementor-action%3Aaction%3Dlightbox%26settings%3DeyJpZCI6MTg4ODAsInVybCI6Imh0dHBzOlwvXC90c3VpdGVhcHAuZXNcL3dwLWNvbnRlbnRcL3VwbG9hZHNcLzIwMjNcLzA0XC9mZWVkYmFja19JQS5qcGcifQ%3D%3D\">\n\t\t\t\t\t\t\t<img fetchpriority=\"high\" decoding=\"async\" width=\"1191\" height=\"703\" src=\"https:\/\/tsuiteapp.es\/wp-content\/uploads\/2023\/04\/feedback_IA_EN.jpg\" class=\"attachment-full size-full wp-image-18880\" alt=\"\" srcset=\"https:\/\/tsuiteapp.es\/wp-content\/uploads\/2023\/04\/feedback_IA_EN.jpg 1191w, https:\/\/tsuiteapp.es\/wp-content\/uploads\/2023\/04\/feedback_IA_EN-300x177.jpg 300w, https:\/\/tsuiteapp.es\/wp-content\/uploads\/2023\/04\/feedback_IA_EN-1024x604.jpg 1024w, https:\/\/tsuiteapp.es\/wp-content\/uploads\/2023\/04\/feedback_IA_EN-768x453.jpg 768w, https:\/\/tsuiteapp.es\/wp-content\/uploads\/2023\/04\/feedback_IA_EN-18x12.jpg 18w\" sizes=\"(max-width: 1191px) 100vw, 1191px\" \/>\t\t\t\t\t\t\t\t<\/a>\n\t\t\t\t\t\t\t\t\t\t\t\t\t\t\t<\/div>\n\t\t\t\t<\/div>\n\t\t\t\t\t<\/div>\n\t\t<\/div>\n\t\t\t\t\t<\/div>\n\t\t<\/section>\n\t\t\t\t\t<\/div>\n\t\t<\/div>\n\t\t\t\t\t<\/div>\n\t\t<\/section>\n\t\t\t\t<\/div>","protected":false},"excerpt":{"rendered":"<p>Feedback IA Ahorra hasta un 50% de tu tiempo en la redacci\u00f3n de informes, con nuestra funcionalidad basada en IA Ahorra tiempo con el feedback inteligente \u00bfEst\u00e1s cansado de pasar horas redactando informes? \u00bfTe gustar\u00eda encontrar una forma m\u00e1s eficiente de hacerlo? Tenemos una soluci\u00f3n para ti. TalentSuite ahora cuenta con una nueva funcionalidad de [&hellip;]<\/p>","protected":false},"author":1,"featured_media":0,"parent":0,"menu_order":0,"comment_status":"closed","ping_status":"closed","template":"elementor_canvas","meta":{"footnotes":""},"class_list":["post-18873","page","type-page","status-publish","hentry"],"yoast_head":"<!-- This site is optimized with the Yoast SEO plugin v24.1 - https:\/\/yoast.com\/wordpress\/plugins\/seo\/ -->\n<title>Inteligencia artificial (IA) - TalentSuite - El software para tus assessments<\/title>\n<meta name=\"robots\" content=\"index, follow, max-snippet:-1, max-image-preview:large, max-video-preview:-1\" \/>\n<link rel=\"canonical\" href=\"https:\/\/tsuiteapp.es\/en\/inteligencia-artificial-ia\/\" \/>\n<meta property=\"og:locale\" content=\"en_GB\" \/>\n<meta property=\"og:type\" content=\"article\" \/>\n<meta property=\"og:title\" content=\"Inteligencia artificial (IA) - TalentSuite - El software para tus assessments\" \/>\n<meta property=\"og:description\" content=\"Feedback IA Ahorra hasta un 50% de tu tiempo en la redacci\u00f3n de informes, con nuestra funcionalidad basada en IA Ahorra tiempo con el feedback inteligente \u00bfEst\u00e1s cansado de pasar horas redactando informes? \u00bfTe gustar\u00eda encontrar una forma m\u00e1s eficiente de hacerlo? Tenemos una soluci\u00f3n para ti. TalentSuite ahora cuenta con una nueva funcionalidad de [&hellip;]\" \/>\n<meta property=\"og:url\" content=\"https:\/\/tsuiteapp.es\/en\/inteligencia-artificial-ia\/\" \/>\n<meta property=\"og:site_name\" content=\"TalentSuite - El software para tus assessments\" \/>\n<meta property=\"article:modified_time\" content=\"2023-04-06T10:08:05+00:00\" \/>\n<meta property=\"og:image\" content=\"https:\/\/tsuiteapp.es\/wp-content\/uploads\/2023\/04\/feedback_IA.jpg\" \/>\n<meta name=\"twitter:card\" content=\"summary_large_image\" \/>\n<meta name=\"twitter:label1\" content=\"Estimated reading time\" \/>\n\t<meta name=\"twitter:data1\" content=\"2 minutes\" \/>\n<script type=\"application\/ld+json\" class=\"yoast-schema-graph\">{\"@context\":\"https:\/\/schema.org\",\"@graph\":[{\"@type\":\"WebPage\",\"@id\":\"https:\/\/tsuiteapp.es\/inteligencia-artificial-ia\/\",\"url\":\"https:\/\/tsuiteapp.es\/inteligencia-artificial-ia\/\",\"name\":\"Inteligencia artificial (IA) - TalentSuite - El software para tus assessments\",\"isPartOf\":{\"@id\":\"https:\/\/tsuiteapp.es\/#website\"},\"primaryImageOfPage\":{\"@id\":\"https:\/\/tsuiteapp.es\/inteligencia-artificial-ia\/#primaryimage\"},\"image\":{\"@id\":\"https:\/\/tsuiteapp.es\/inteligencia-artificial-ia\/#primaryimage\"},\"thumbnailUrl\":\"https:\/\/tsuiteapp.es\/wp-content\/uploads\/2023\/04\/feedback_IA.jpg\",\"datePublished\":\"2023-04-06T09:15:24+00:00\",\"dateModified\":\"2023-04-06T10:08:05+00:00\",\"breadcrumb\":{\"@id\":\"https:\/\/tsuiteapp.es\/inteligencia-artificial-ia\/#breadcrumb\"},\"inLanguage\":\"en-GB\",\"potentialAction\":[{\"@type\":\"ReadAction\",\"target\":[\"https:\/\/tsuiteapp.es\/inteligencia-artificial-ia\/\"]}]},{\"@type\":\"ImageObject\",\"inLanguage\":\"en-GB\",\"@id\":\"https:\/\/tsuiteapp.es\/inteligencia-artificial-ia\/#primaryimage\",\"url\":\"https:\/\/tsuiteapp.es\/wp-content\/uploads\/2023\/04\/feedback_IA.jpg\",\"contentUrl\":\"https:\/\/tsuiteapp.es\/wp-content\/uploads\/2023\/04\/feedback_IA.jpg\"},{\"@type\":\"BreadcrumbList\",\"@id\":\"https:\/\/tsuiteapp.es\/inteligencia-artificial-ia\/#breadcrumb\",\"itemListElement\":[{\"@type\":\"ListItem\",\"position\":1,\"name\":\"Portada\",\"item\":\"https:\/\/tsuiteapp.es\/\"},{\"@type\":\"ListItem\",\"position\":2,\"name\":\"Inteligencia artificial (IA)\"}]},{\"@type\":\"WebSite\",\"@id\":\"https:\/\/tsuiteapp.es\/#website\",\"url\":\"https:\/\/tsuiteapp.es\/\",\"name\":\"TalentSuite - El software para tus assessments\",\"description\":\"\",\"publisher\":{\"@id\":\"https:\/\/tsuiteapp.es\/#organization\"},\"potentialAction\":[{\"@type\":\"SearchAction\",\"target\":{\"@type\":\"EntryPoint\",\"urlTemplate\":\"https:\/\/tsuiteapp.es\/?s={search_term_string}\"},\"query-input\":{\"@type\":\"PropertyValueSpecification\",\"valueRequired\":true,\"valueName\":\"search_term_string\"}}],\"inLanguage\":\"en-GB\"},{\"@type\":\"Organization\",\"@id\":\"https:\/\/tsuiteapp.es\/#organization\",\"name\":\"OrigamiSoft, S.L.\",\"alternateName\":\"OrigamiSoft\",\"url\":\"https:\/\/tsuiteapp.es\/\",\"logo\":{\"@type\":\"ImageObject\",\"inLanguage\":\"en-GB\",\"@id\":\"https:\/\/tsuiteapp.es\/#\/schema\/logo\/image\/\",\"url\":\"https:\/\/tsuiteapp.es\/wp-content\/uploads\/2023\/02\/cropped-TalentSuite-Favicon.png\",\"contentUrl\":\"https:\/\/tsuiteapp.es\/wp-content\/uploads\/2023\/02\/cropped-TalentSuite-Favicon.png\",\"width\":448,\"height\":448,\"caption\":\"OrigamiSoft, S.L.\"},\"image\":{\"@id\":\"https:\/\/tsuiteapp.es\/#\/schema\/logo\/image\/\"}}]}<\/script>\n<!-- \/ Yoast SEO plugin. -->","yoast_head_json":{"title":"Inteligencia artificial (IA) - TalentSuite - El software para tus assessments","robots":{"index":"index","follow":"follow","max-snippet":"max-snippet:-1","max-image-preview":"max-image-preview:large","max-video-preview":"max-video-preview:-1"},"canonical":"https:\/\/tsuiteapp.es\/en\/inteligencia-artificial-ia\/","og_locale":"en_GB","og_type":"article","og_title":"Inteligencia artificial (IA) - TalentSuite - El software para tus assessments","og_description":"Feedback IA Ahorra hasta un 50% de tu tiempo en la redacci\u00f3n de informes, con nuestra funcionalidad basada en IA Ahorra tiempo con el feedback inteligente \u00bfEst\u00e1s cansado de pasar horas redactando informes? \u00bfTe gustar\u00eda encontrar una forma m\u00e1s eficiente de hacerlo? Tenemos una soluci\u00f3n para ti. TalentSuite ahora cuenta con una nueva funcionalidad de [&hellip;]","og_url":"https:\/\/tsuiteapp.es\/en\/inteligencia-artificial-ia\/","og_site_name":"TalentSuite - El software para tus assessments","article_modified_time":"2023-04-06T10:08:05+00:00","og_image":[{"url":"https:\/\/tsuiteapp.es\/wp-content\/uploads\/2023\/04\/feedback_IA.jpg","type":"","width":"","height":""}],"twitter_card":"summary_large_image","twitter_misc":{"Estimated reading time":"2 minutes"},"schema":{"@context":"https:\/\/schema.org","@graph":[{"@type":"WebPage","@id":"https:\/\/tsuiteapp.es\/inteligencia-artificial-ia\/","url":"https:\/\/tsuiteapp.es\/inteligencia-artificial-ia\/","name":"Inteligencia artificial (IA) - TalentSuite - El software para tus assessments","isPartOf":{"@id":"https:\/\/tsuiteapp.es\/#website"},"primaryImageOfPage":{"@id":"https:\/\/tsuiteapp.es\/inteligencia-artificial-ia\/#primaryimage"},"image":{"@id":"https:\/\/tsuiteapp.es\/inteligencia-artificial-ia\/#primaryimage"},"thumbnailUrl":"https:\/\/tsuiteapp.es\/wp-content\/uploads\/2023\/04\/feedback_IA.jpg","datePublished":"2023-04-06T09:15:24+00:00","dateModified":"2023-04-06T10:08:05+00:00","breadcrumb":{"@id":"https:\/\/tsuiteapp.es\/inteligencia-artificial-ia\/#breadcrumb"},"inLanguage":"en-GB","potentialAction":[{"@type":"ReadAction","target":["https:\/\/tsuiteapp.es\/inteligencia-artificial-ia\/"]}]},{"@type":"ImageObject","inLanguage":"en-GB","@id":"https:\/\/tsuiteapp.es\/inteligencia-artificial-ia\/#primaryimage","url":"https:\/\/tsuiteapp.es\/wp-content\/uploads\/2023\/04\/feedback_IA.jpg","contentUrl":"https:\/\/tsuiteapp.es\/wp-content\/uploads\/2023\/04\/feedback_IA.jpg"},{"@type":"BreadcrumbList","@id":"https:\/\/tsuiteapp.es\/inteligencia-artificial-ia\/#breadcrumb","itemListElement":[{"@type":"ListItem","position":1,"name":"Portada","item":"https:\/\/tsuiteapp.es\/"},{"@type":"ListItem","position":2,"name":"Inteligencia artificial (IA)"}]},{"@type":"WebSite","@id":"https:\/\/tsuiteapp.es\/#website","url":"https:\/\/tsuiteapp.es\/","name":"TalentSuite - El software para tus assessments","description":"","publisher":{"@id":"https:\/\/tsuiteapp.es\/#organization"},"potentialAction":[{"@type":"SearchAction","target":{"@type":"EntryPoint","urlTemplate":"https:\/\/tsuiteapp.es\/?s={search_term_string}"},"query-input":{"@type":"PropertyValueSpecification","valueRequired":true,"valueName":"search_term_string"}}],"inLanguage":"en-GB"},{"@type":"Organization","@id":"https:\/\/tsuiteapp.es\/#organization","name":"OrigamiSoft, S.L.","alternateName":"OrigamiSoft","url":"https:\/\/tsuiteapp.es\/","logo":{"@type":"ImageObject","inLanguage":"en-GB","@id":"https:\/\/tsuiteapp.es\/#\/schema\/logo\/image\/","url":"https:\/\/tsuiteapp.es\/wp-content\/uploads\/2023\/02\/cropped-TalentSuite-Favicon.png","contentUrl":"https:\/\/tsuiteapp.es\/wp-content\/uploads\/2023\/02\/cropped-TalentSuite-Favicon.png","width":448,"height":448,"caption":"OrigamiSoft, S.L."},"image":{"@id":"https:\/\/tsuiteapp.es\/#\/schema\/logo\/image\/"}}]}},"_links":{"self":[{"href":"https:\/\/tsuiteapp.es\/en\/wp-json\/wp\/v2\/pages\/18873","targetHints":{"allow":["GET"]}}],"collection":[{"href":"https:\/\/tsuiteapp.es\/en\/wp-json\/wp\/v2\/pages"}],"about":[{"href":"https:\/\/tsuiteapp.es\/en\/wp-json\/wp\/v2\/types\/page"}],"author":[{"embeddable":true,"href":"https:\/\/tsuiteapp.es\/en\/wp-json\/wp\/v2\/users\/1"}],"replies":[{"embeddable":true,"href":"https:\/\/tsuiteapp.es\/en\/wp-json\/wp\/v2\/comments?post=18873"}],"version-history":[{"count":17,"href":"https:\/\/tsuiteapp.es\/en\/wp-json\/wp\/v2\/pages\/18873\/revisions"}],"predecessor-version":[{"id":18893,"href":"https:\/\/tsuiteapp.es\/en\/wp-json\/wp\/v2\/pages\/18873\/revisions\/18893"}],"wp:attachment":[{"href":"https:\/\/tsuiteapp.es\/en\/wp-json\/wp\/v2\/media?parent=18873"}],"curies":[{"name":"wp","href":"https:\/\/api.w.org\/{rel}","templated":true}]}}