{"id":468,"date":"2023-02-22T14:54:15","date_gmt":"2023-02-22T14:54:15","guid":{"rendered":"https:\/\/tsuiteapp.es\/?page_id=468"},"modified":"2023-03-08T19:37:50","modified_gmt":"2023-03-08T19:37:50","slug":"automatizacion","status":"publish","type":"page","link":"https:\/\/tsuiteapp.es\/en\/automatizacion\/","title":{"rendered":"Automation"},"content":{"rendered":"<div data-elementor-type=\"wp-page\" data-elementor-id=\"468\" class=\"elementor elementor-468\">\n\t\t\t\t\t\t<section class=\"elementor-section elementor-top-section elementor-element elementor-element-7d6365a6 elementor-section-boxed elementor-section-height-default elementor-section-height-default\" data-id=\"7d6365a6\" data-element_type=\"section\" data-settings=\"{&quot;background_background&quot;:&quot;classic&quot;}\">\n\t\t\t\t\t\t<div class=\"elementor-container elementor-column-gap-default\">\n\t\t\t\t\t<div class=\"elementor-column elementor-col-100 elementor-top-column elementor-element elementor-element-3c0e99aa\" data-id=\"3c0e99aa\" data-element_type=\"column\">\n\t\t\t<div class=\"elementor-widget-wrap elementor-element-populated\">\n\t\t\t\t\t\t<div class=\"elementor-element elementor-element-5c4ec1b6 elementor-widget elementor-widget-heading\" data-id=\"5c4ec1b6\" data-element_type=\"widget\" data-widget_type=\"heading.default\">\n\t\t\t\t<div class=\"elementor-widget-container\">\n\t\t\t\t\t<h1 class=\"elementor-heading-title elementor-size-default\">Automation<\/h1>\t\t\t\t<\/div>\n\t\t\t\t<\/div>\n\t\t\t\t<div class=\"elementor-element elementor-element-9988977 elementor-widget elementor-widget-text-editor\" data-id=\"9988977\" data-element_type=\"widget\" data-widget_type=\"text-editor.default\">\n\t\t\t\t<div class=\"elementor-widget-container\">\n\t\t\t\t\t\t\t\t\t<p>Experience efficiency and productivity with task automation.<\/p>\t\t\t\t\t\t\t\t<\/div>\n\t\t\t\t<\/div>\n\t\t\t\t\t<\/div>\n\t\t<\/div>\n\t\t\t\t\t<\/div>\n\t\t<\/section>\n\t\t\t\t<section class=\"elementor-section elementor-top-section elementor-element elementor-element-2dc7069a elementor-section-boxed elementor-section-height-default elementor-section-height-default\" data-id=\"2dc7069a\" data-element_type=\"section\">\n\t\t\t\t\t\t<div class=\"elementor-container elementor-column-gap-default\">\n\t\t\t\t\t<div class=\"elementor-column elementor-col-50 elementor-top-column elementor-element elementor-element-3144b298\" data-id=\"3144b298\" data-element_type=\"column\">\n\t\t\t<div class=\"elementor-widget-wrap elementor-element-populated\">\n\t\t\t\t\t\t<div class=\"elementor-element elementor-element-ec7343e elementor-widget elementor-widget-elementskit-heading\" data-id=\"ec7343e\" data-element_type=\"widget\" data-widget_type=\"elementskit-heading.default\">\n\t\t\t\t<div class=\"elementor-widget-container\">\n\t\t\t\t\t<div class=\"ekit-wid-con\" ><div class=\"ekit-heading elementskit-section-title-wraper text_center   ekit_heading_tablet-   ekit_heading_mobile-\"><h2 class=\"ekit-heading--title elementskit-section-title\">\u00bf<span><span>Automation<\/span><\/span> in the Talent Assessment?<\/h2><div class=\"ekit_heading_separetor_wraper ekit_heading_elementskit-border-divider ekit-dotted\"><div class=\"elementskit-border-divider ekit-dotted\"><\/div><\/div><\/div><\/div>\t\t\t\t<\/div>\n\t\t\t\t<\/div>\n\t\t\t\t<div class=\"elementor-element elementor-element-574d5a6b elementor-widget elementor-widget-text-editor\" data-id=\"574d5a6b\" data-element_type=\"widget\" data-widget_type=\"text-editor.default\">\n\t\t\t\t<div class=\"elementor-widget-container\">\n\t\t\t\t\t\t\t\t\t<p>Automations can be very useful in a human resources department because they help to\u00a0<strong>streamline and simplify<\/strong>\u00a0many of the tasks and processes related to talent assessment.<\/p><p>TalentSuite allows you to create an infinite number of automations,\u00a0<strong>fully tailor-made<\/strong>, in order to improve\u00a0<strong>the efficiency and productivity of your team<\/strong>.<\/p><p>For this, TalentSuite makes use of its API and connections with providers with whom we collaborate such as Integromat or Zapier, being able to create any automatic procedure.<\/p><p>The main idea of this functionality is to\u00a0<strong>save time<\/strong>\u00a0in companies and to stop carrying out\u00a0<strong>repetitive tasks<\/strong>\u00a0that contribute nothing and that, on many occasions,\u00a0<strong>discourage<\/strong>\u00a0to the people who carry them out.<\/p><p>We can create automations that run 2, 4 or 20 tasks,\u00a0<strong>there is no limit<\/strong>. In addition, they can be programmed on specific days and times and can be connected to hundreds of systems or software available on the market.<\/p>\t\t\t\t\t\t\t\t<\/div>\n\t\t\t\t<\/div>\n\t\t\t\t\t<\/div>\n\t\t<\/div>\n\t\t\t\t<div class=\"elementor-column elementor-col-50 elementor-top-column elementor-element elementor-element-29f1a5dc\" data-id=\"29f1a5dc\" data-element_type=\"column\" data-settings=\"{&quot;background_background&quot;:&quot;classic&quot;}\">\n\t\t\t<div class=\"elementor-widget-wrap elementor-element-populated\">\n\t\t\t\t\t\t<div class=\"elementor-element elementor-element-7801f7ed elementor-widget elementor-widget-image\" data-id=\"7801f7ed\" data-element_type=\"widget\" data-widget_type=\"image.default\">\n\t\t\t\t<div class=\"elementor-widget-container\">\n\t\t\t\t\t\t\t\t\t\t\t\t\t\t\t<img fetchpriority=\"high\" decoding=\"async\" width=\"644\" height=\"400\" src=\"https:\/\/tsuiteapp.es\/wp-content\/uploads\/2023\/02\/automatizacion.png\" class=\"attachment-1536x1536 size-1536x1536 wp-image-473\" alt=\"\" srcset=\"https:\/\/tsuiteapp.es\/wp-content\/uploads\/2023\/02\/automatizacion.png 644w, https:\/\/tsuiteapp.es\/wp-content\/uploads\/2023\/02\/automatizacion-300x186.png 300w\" sizes=\"(max-width: 644px) 100vw, 644px\" \/>\t\t\t\t\t\t\t\t\t\t\t\t\t\t\t<\/div>\n\t\t\t\t<\/div>\n\t\t\t\t\t<\/div>\n\t\t<\/div>\n\t\t\t\t\t<\/div>\n\t\t<\/section>\n\t\t\t\t<section class=\"elementor-section elementor-top-section elementor-element elementor-element-274eb8dd elementor-reverse-mobile elementor-section-boxed elementor-section-height-default elementor-section-height-default\" data-id=\"274eb8dd\" data-element_type=\"section\">\n\t\t\t\t\t\t<div class=\"elementor-container elementor-column-gap-default\">\n\t\t\t\t\t<div class=\"elementor-column elementor-col-50 elementor-top-column elementor-element elementor-element-130dc2ed\" data-id=\"130dc2ed\" data-element_type=\"column\" data-settings=\"{&quot;background_background&quot;:&quot;classic&quot;}\">\n\t\t\t<div class=\"elementor-widget-wrap elementor-element-populated\">\n\t\t\t\t\t\t<div class=\"elementor-element elementor-element-747e926 elementor-widget__width-auto elementor-widget elementor-widget-image\" data-id=\"747e926\" data-element_type=\"widget\" data-widget_type=\"image.default\">\n\t\t\t\t<div class=\"elementor-widget-container\">\n\t\t\t\t\t\t\t\t\t\t\t\t\t\t\t<img decoding=\"async\" width=\"912\" height=\"693\" src=\"https:\/\/tsuiteapp.es\/wp-content\/uploads\/2023\/02\/checklist.png\" class=\"attachment-1536x1536 size-1536x1536 wp-image-474\" alt=\"\" srcset=\"https:\/\/tsuiteapp.es\/wp-content\/uploads\/2023\/02\/checklist.png 912w, https:\/\/tsuiteapp.es\/wp-content\/uploads\/2023\/02\/checklist-300x228.png 300w, https:\/\/tsuiteapp.es\/wp-content\/uploads\/2023\/02\/checklist-768x584.png 768w\" sizes=\"(max-width: 912px) 100vw, 912px\" \/>\t\t\t\t\t\t\t\t\t\t\t\t\t\t\t<\/div>\n\t\t\t\t<\/div>\n\t\t\t\t\t<\/div>\n\t\t<\/div>\n\t\t\t\t<div class=\"elementor-column elementor-col-50 elementor-top-column elementor-element elementor-element-3b9d3bad\" data-id=\"3b9d3bad\" data-element_type=\"column\">\n\t\t\t<div class=\"elementor-widget-wrap elementor-element-populated\">\n\t\t\t\t\t\t<div class=\"elementor-element elementor-element-5064681 elementor-widget elementor-widget-elementskit-heading\" data-id=\"5064681\" data-element_type=\"widget\" data-widget_type=\"elementskit-heading.default\">\n\t\t\t\t<div class=\"elementor-widget-container\">\n\t\t\t\t\t<div class=\"ekit-wid-con\" ><div class=\"ekit-heading elementskit-section-title-wraper text_center   ekit_heading_tablet-   ekit_heading_mobile-\"><h2 class=\"ekit-heading--title elementskit-section-title\"><span><span>Advantages<\/span><\/span> of implementing automation in your talent assessment<\/h2><div class=\"ekit_heading_separetor_wraper ekit_heading_elementskit-border-divider ekit-dotted\"><div class=\"elementskit-border-divider ekit-dotted\"><\/div><\/div><\/div><\/div>\t\t\t\t<\/div>\n\t\t\t\t<\/div>\n\t\t\t\t<div class=\"elementor-element elementor-element-6cb202c6 elementor-widget elementor-widget-text-editor\" data-id=\"6cb202c6\" data-element_type=\"widget\" data-widget_type=\"text-editor.default\">\n\t\t\t\t<div class=\"elementor-widget-container\">\n\t\t\t\t\t\t\t\t\t<ul><li><strong>Saving time:<\/strong>\u00a0Forget about time-consuming and manually intensive tasks. This allows HR employees to focus on more important and value-added tasks.<br \/><br \/><\/li><li><strong>Greater precision:<\/strong>\u00a0By automating tasks, human error is less likely to occur, which increases the accuracy and efficiency of the work.<br \/><br \/><\/li><li><strong>Greater flexibility:<\/strong>\u00a0TalentSuite allows you to create customised workflows and adapt them to the specific needs of your department. This allows for greater flexibility and adaptability to change.<br \/><br \/><\/li><li><strong>Increased security:<\/strong>\u00a0Human errors that could compromise the security of the HR department's information are less likely to occur.<\/li><\/ul>\t\t\t\t\t\t\t\t<\/div>\n\t\t\t\t<\/div>\n\t\t\t\t\t<\/div>\n\t\t<\/div>\n\t\t\t\t\t<\/div>\n\t\t<\/section>\n\t\t\t\t<section class=\"elementor-section elementor-top-section elementor-element elementor-element-10e2b47 elementor-section-boxed elementor-section-height-default elementor-section-height-default\" data-id=\"10e2b47\" data-element_type=\"section\">\n\t\t\t\t\t\t<div class=\"elementor-container elementor-column-gap-default\">\n\t\t\t\t\t<div class=\"elementor-column elementor-col-50 elementor-top-column elementor-element elementor-element-cf96b5d\" data-id=\"cf96b5d\" data-element_type=\"column\">\n\t\t\t<div class=\"elementor-widget-wrap elementor-element-populated\">\n\t\t\t\t\t\t<div class=\"elementor-element elementor-element-340279d elementor-widget elementor-widget-elementskit-heading\" data-id=\"340279d\" data-element_type=\"widget\" data-widget_type=\"elementskit-heading.default\">\n\t\t\t\t<div class=\"elementor-widget-container\">\n\t\t\t\t\t<div class=\"ekit-wid-con\" ><div class=\"ekit-heading elementskit-section-title-wraper text_center   ekit_heading_tablet-   ekit_heading_mobile-\"><h2 class=\"ekit-heading--title elementskit-section-title\">And these are <span><span>real success stories<\/span><\/span> from some of our clients<\/h2><div class=\"ekit_heading_separetor_wraper ekit_heading_elementskit-border-divider ekit-dotted\"><div class=\"elementskit-border-divider ekit-dotted\"><\/div><\/div><\/div><\/div>\t\t\t\t<\/div>\n\t\t\t\t<\/div>\n\t\t\t\t<div class=\"elementor-element elementor-element-bab0968 elementor-widget elementor-widget-text-editor\" data-id=\"bab0968\" data-element_type=\"widget\" data-widget_type=\"text-editor.default\">\n\t\t\t\t<div class=\"elementor-widget-container\">\n\t\t\t\t\t\t\t\t\t<ul><li>Workflow that automatically collects the results from TalentSuite and aggregates them into a\u00a0<strong>spreadsheet<\/strong>\u00a0which in turn feeds a\u00a0<strong>e-Learning platform<\/strong> where the results are uploaded to each student's file.<br \/><br \/><\/li><li>Sending\u00a0<strong>reminders<\/strong>\u00a0to assessors to complete the performance evaluating and to\u00a0<strong>alert<\/strong>\u00a0to those responsible in the human resources department for any delays.<br \/><br \/><\/li><li>Automatic sending of\u00a0<strong>call for proposals<\/strong>\u00a0with videoconference invitation to\u00a0<strong>Microsoft Teams, Google Meet or Zoom<\/strong>. Recording of results in a\u00a0<strong>Excel<\/strong>\u00a0and sending the report after 3 days via\u00a0<strong>e-mail<\/strong>.<br \/><br \/><\/li><li>Notification with a message via\u00a0<strong>Whatsapp<\/strong>, with the results of the assessment and the action plan developed by the team leader. In addition, uploading of results in\u00a0<strong>Factorial HR<\/strong>.<\/li><\/ul>\t\t\t\t\t\t\t\t<\/div>\n\t\t\t\t<\/div>\n\t\t\t\t\t<\/div>\n\t\t<\/div>\n\t\t\t\t<div class=\"elementor-column elementor-col-50 elementor-top-column elementor-element elementor-element-c69fc29\" data-id=\"c69fc29\" data-element_type=\"column\" data-settings=\"{&quot;background_background&quot;:&quot;classic&quot;}\">\n\t\t\t<div class=\"elementor-widget-wrap elementor-element-populated\">\n\t\t\t\t\t\t<div class=\"elementor-element elementor-element-31d5929 elementor-widget elementor-widget-image\" data-id=\"31d5929\" data-element_type=\"widget\" data-widget_type=\"image.default\">\n\t\t\t\t<div class=\"elementor-widget-container\">\n\t\t\t\t\t\t\t\t\t\t\t\t\t\t\t<img decoding=\"async\" width=\"1024\" height=\"986\" src=\"https:\/\/tsuiteapp.es\/wp-content\/uploads\/2023\/02\/progreso.png\" class=\"attachment-1536x1536 size-1536x1536 wp-image-475\" alt=\"\" srcset=\"https:\/\/tsuiteapp.es\/wp-content\/uploads\/2023\/02\/progreso.png 1024w, https:\/\/tsuiteapp.es\/wp-content\/uploads\/2023\/02\/progreso-300x289.png 300w, https:\/\/tsuiteapp.es\/wp-content\/uploads\/2023\/02\/progreso-768x740.png 768w\" sizes=\"(max-width: 1024px) 100vw, 1024px\" \/>\t\t\t\t\t\t\t\t\t\t\t\t\t\t\t<\/div>\n\t\t\t\t<\/div>\n\t\t\t\t\t<\/div>\n\t\t<\/div>\n\t\t\t\t\t<\/div>\n\t\t<\/section>\n\t\t\t\t<\/div>","protected":false},"excerpt":{"rendered":"<p>Automatizaci\u00f3n Experimenta la eficiencia y productividad con la automatizaci\u00f3n de tareas. \u00bfAutomatizaci\u00f3n en la Evaluaci\u00f3n del Talento? Las automatizaciones pueden ser muy \u00fatiles en un departamento de recursos humanos ya que ayudan a\u00a0agilizar y simplificar\u00a0muchas de las tareas y procesos relacionados con la evaluaci\u00f3n del talento. TalentSuite permite crear infinidad de automatizaciones,\u00a0totalmente a medida, para [&hellip;]<\/p>","protected":false},"author":1,"featured_media":0,"parent":0,"menu_order":0,"comment_status":"closed","ping_status":"closed","template":"elementor_canvas","meta":{"footnotes":""},"class_list":["post-468","page","type-page","status-publish","hentry"],"yoast_head":"<!-- This site is optimized with the Yoast SEO plugin v24.1 - https:\/\/yoast.com\/wordpress\/plugins\/seo\/ -->\n<title>Automatizaci\u00f3n - TalentSuite - El software para tus assessments<\/title>\n<meta name=\"robots\" content=\"index, follow, max-snippet:-1, max-image-preview:large, max-video-preview:-1\" \/>\n<link rel=\"canonical\" href=\"https:\/\/tsuiteapp.es\/en\/automatizacion\/\" \/>\n<meta property=\"og:locale\" content=\"en_GB\" \/>\n<meta property=\"og:type\" content=\"article\" \/>\n<meta property=\"og:title\" content=\"Automatizaci\u00f3n - TalentSuite - El software para tus assessments\" \/>\n<meta property=\"og:description\" content=\"Automatizaci\u00f3n Experimenta la eficiencia y productividad con la automatizaci\u00f3n de tareas. \u00bfAutomatizaci\u00f3n en la Evaluaci\u00f3n del Talento? Las automatizaciones pueden ser muy \u00fatiles en un departamento de recursos humanos ya que ayudan a\u00a0agilizar y simplificar\u00a0muchas de las tareas y procesos relacionados con la evaluaci\u00f3n del talento. TalentSuite permite crear infinidad de automatizaciones,\u00a0totalmente a medida, para [&hellip;]\" \/>\n<meta property=\"og:url\" content=\"https:\/\/tsuiteapp.es\/en\/automatizacion\/\" \/>\n<meta property=\"og:site_name\" content=\"TalentSuite - El software para tus assessments\" \/>\n<meta property=\"article:modified_time\" content=\"2023-03-08T19:37:50+00:00\" \/>\n<meta property=\"og:image\" content=\"https:\/\/tsuiteapp.es\/wp-content\/uploads\/2023\/02\/automatizacion.png\" \/>\n<meta name=\"twitter:card\" content=\"summary_large_image\" \/>\n<meta name=\"twitter:label1\" content=\"Estimated reading time\" \/>\n\t<meta name=\"twitter:data1\" content=\"3 minutes\" \/>\n<script type=\"application\/ld+json\" class=\"yoast-schema-graph\">{\"@context\":\"https:\/\/schema.org\",\"@graph\":[{\"@type\":\"WebPage\",\"@id\":\"https:\/\/tsuiteapp.es\/automatizacion\/\",\"url\":\"https:\/\/tsuiteapp.es\/automatizacion\/\",\"name\":\"Automatizaci\u00f3n - TalentSuite - El software para tus assessments\",\"isPartOf\":{\"@id\":\"https:\/\/tsuiteapp.es\/#website\"},\"primaryImageOfPage\":{\"@id\":\"https:\/\/tsuiteapp.es\/automatizacion\/#primaryimage\"},\"image\":{\"@id\":\"https:\/\/tsuiteapp.es\/automatizacion\/#primaryimage\"},\"thumbnailUrl\":\"https:\/\/tsuiteapp.es\/wp-content\/uploads\/2023\/02\/automatizacion.png\",\"datePublished\":\"2023-02-22T14:54:15+00:00\",\"dateModified\":\"2023-03-08T19:37:50+00:00\",\"breadcrumb\":{\"@id\":\"https:\/\/tsuiteapp.es\/automatizacion\/#breadcrumb\"},\"inLanguage\":\"en-GB\",\"potentialAction\":[{\"@type\":\"ReadAction\",\"target\":[\"https:\/\/tsuiteapp.es\/automatizacion\/\"]}]},{\"@type\":\"ImageObject\",\"inLanguage\":\"en-GB\",\"@id\":\"https:\/\/tsuiteapp.es\/automatizacion\/#primaryimage\",\"url\":\"https:\/\/tsuiteapp.es\/wp-content\/uploads\/2023\/02\/automatizacion.png\",\"contentUrl\":\"https:\/\/tsuiteapp.es\/wp-content\/uploads\/2023\/02\/automatizacion.png\"},{\"@type\":\"BreadcrumbList\",\"@id\":\"https:\/\/tsuiteapp.es\/automatizacion\/#breadcrumb\",\"itemListElement\":[{\"@type\":\"ListItem\",\"position\":1,\"name\":\"Portada\",\"item\":\"https:\/\/tsuiteapp.es\/\"},{\"@type\":\"ListItem\",\"position\":2,\"name\":\"Automatizaci\u00f3n\"}]},{\"@type\":\"WebSite\",\"@id\":\"https:\/\/tsuiteapp.es\/#website\",\"url\":\"https:\/\/tsuiteapp.es\/\",\"name\":\"TalentSuite - El software para tus assessments\",\"description\":\"\",\"publisher\":{\"@id\":\"https:\/\/tsuiteapp.es\/#organization\"},\"potentialAction\":[{\"@type\":\"SearchAction\",\"target\":{\"@type\":\"EntryPoint\",\"urlTemplate\":\"https:\/\/tsuiteapp.es\/?s={search_term_string}\"},\"query-input\":{\"@type\":\"PropertyValueSpecification\",\"valueRequired\":true,\"valueName\":\"search_term_string\"}}],\"inLanguage\":\"en-GB\"},{\"@type\":\"Organization\",\"@id\":\"https:\/\/tsuiteapp.es\/#organization\",\"name\":\"OrigamiSoft, S.L.\",\"alternateName\":\"OrigamiSoft\",\"url\":\"https:\/\/tsuiteapp.es\/\",\"logo\":{\"@type\":\"ImageObject\",\"inLanguage\":\"en-GB\",\"@id\":\"https:\/\/tsuiteapp.es\/#\/schema\/logo\/image\/\",\"url\":\"https:\/\/tsuiteapp.es\/wp-content\/uploads\/2023\/02\/cropped-TalentSuite-Favicon.png\",\"contentUrl\":\"https:\/\/tsuiteapp.es\/wp-content\/uploads\/2023\/02\/cropped-TalentSuite-Favicon.png\",\"width\":448,\"height\":448,\"caption\":\"OrigamiSoft, S.L.\"},\"image\":{\"@id\":\"https:\/\/tsuiteapp.es\/#\/schema\/logo\/image\/\"}}]}<\/script>\n<!-- \/ Yoast SEO plugin. -->","yoast_head_json":{"title":"Automatizaci\u00f3n - TalentSuite - El software para tus assessments","robots":{"index":"index","follow":"follow","max-snippet":"max-snippet:-1","max-image-preview":"max-image-preview:large","max-video-preview":"max-video-preview:-1"},"canonical":"https:\/\/tsuiteapp.es\/en\/automatizacion\/","og_locale":"en_GB","og_type":"article","og_title":"Automatizaci\u00f3n - TalentSuite - El software para tus assessments","og_description":"Automatizaci\u00f3n Experimenta la eficiencia y productividad con la automatizaci\u00f3n de tareas. \u00bfAutomatizaci\u00f3n en la Evaluaci\u00f3n del Talento? Las automatizaciones pueden ser muy \u00fatiles en un departamento de recursos humanos ya que ayudan a\u00a0agilizar y simplificar\u00a0muchas de las tareas y procesos relacionados con la evaluaci\u00f3n del talento. TalentSuite permite crear infinidad de automatizaciones,\u00a0totalmente a medida, para [&hellip;]","og_url":"https:\/\/tsuiteapp.es\/en\/automatizacion\/","og_site_name":"TalentSuite - El software para tus assessments","article_modified_time":"2023-03-08T19:37:50+00:00","og_image":[{"url":"https:\/\/tsuiteapp.es\/wp-content\/uploads\/2023\/02\/automatizacion.png","type":"","width":"","height":""}],"twitter_card":"summary_large_image","twitter_misc":{"Estimated reading time":"3 minutes"},"schema":{"@context":"https:\/\/schema.org","@graph":[{"@type":"WebPage","@id":"https:\/\/tsuiteapp.es\/automatizacion\/","url":"https:\/\/tsuiteapp.es\/automatizacion\/","name":"Automatizaci\u00f3n - TalentSuite - El software para tus assessments","isPartOf":{"@id":"https:\/\/tsuiteapp.es\/#website"},"primaryImageOfPage":{"@id":"https:\/\/tsuiteapp.es\/automatizacion\/#primaryimage"},"image":{"@id":"https:\/\/tsuiteapp.es\/automatizacion\/#primaryimage"},"thumbnailUrl":"https:\/\/tsuiteapp.es\/wp-content\/uploads\/2023\/02\/automatizacion.png","datePublished":"2023-02-22T14:54:15+00:00","dateModified":"2023-03-08T19:37:50+00:00","breadcrumb":{"@id":"https:\/\/tsuiteapp.es\/automatizacion\/#breadcrumb"},"inLanguage":"en-GB","potentialAction":[{"@type":"ReadAction","target":["https:\/\/tsuiteapp.es\/automatizacion\/"]}]},{"@type":"ImageObject","inLanguage":"en-GB","@id":"https:\/\/tsuiteapp.es\/automatizacion\/#primaryimage","url":"https:\/\/tsuiteapp.es\/wp-content\/uploads\/2023\/02\/automatizacion.png","contentUrl":"https:\/\/tsuiteapp.es\/wp-content\/uploads\/2023\/02\/automatizacion.png"},{"@type":"BreadcrumbList","@id":"https:\/\/tsuiteapp.es\/automatizacion\/#breadcrumb","itemListElement":[{"@type":"ListItem","position":1,"name":"Portada","item":"https:\/\/tsuiteapp.es\/"},{"@type":"ListItem","position":2,"name":"Automatizaci\u00f3n"}]},{"@type":"WebSite","@id":"https:\/\/tsuiteapp.es\/#website","url":"https:\/\/tsuiteapp.es\/","name":"TalentSuite - El software para tus assessments","description":"","publisher":{"@id":"https:\/\/tsuiteapp.es\/#organization"},"potentialAction":[{"@type":"SearchAction","target":{"@type":"EntryPoint","urlTemplate":"https:\/\/tsuiteapp.es\/?s={search_term_string}"},"query-input":{"@type":"PropertyValueSpecification","valueRequired":true,"valueName":"search_term_string"}}],"inLanguage":"en-GB"},{"@type":"Organization","@id":"https:\/\/tsuiteapp.es\/#organization","name":"OrigamiSoft, S.L.","alternateName":"OrigamiSoft","url":"https:\/\/tsuiteapp.es\/","logo":{"@type":"ImageObject","inLanguage":"en-GB","@id":"https:\/\/tsuiteapp.es\/#\/schema\/logo\/image\/","url":"https:\/\/tsuiteapp.es\/wp-content\/uploads\/2023\/02\/cropped-TalentSuite-Favicon.png","contentUrl":"https:\/\/tsuiteapp.es\/wp-content\/uploads\/2023\/02\/cropped-TalentSuite-Favicon.png","width":448,"height":448,"caption":"OrigamiSoft, S.L."},"image":{"@id":"https:\/\/tsuiteapp.es\/#\/schema\/logo\/image\/"}}]}},"_links":{"self":[{"href":"https:\/\/tsuiteapp.es\/en\/wp-json\/wp\/v2\/pages\/468","targetHints":{"allow":["GET"]}}],"collection":[{"href":"https:\/\/tsuiteapp.es\/en\/wp-json\/wp\/v2\/pages"}],"about":[{"href":"https:\/\/tsuiteapp.es\/en\/wp-json\/wp\/v2\/types\/page"}],"author":[{"embeddable":true,"href":"https:\/\/tsuiteapp.es\/en\/wp-json\/wp\/v2\/users\/1"}],"replies":[{"embeddable":true,"href":"https:\/\/tsuiteapp.es\/en\/wp-json\/wp\/v2\/comments?post=468"}],"version-history":[{"count":32,"href":"https:\/\/tsuiteapp.es\/en\/wp-json\/wp\/v2\/pages\/468\/revisions"}],"predecessor-version":[{"id":18566,"href":"https:\/\/tsuiteapp.es\/en\/wp-json\/wp\/v2\/pages\/468\/revisions\/18566"}],"wp:attachment":[{"href":"https:\/\/tsuiteapp.es\/en\/wp-json\/wp\/v2\/media?parent=468"}],"curies":[{"name":"wp","href":"https:\/\/api.w.org\/{rel}","templated":true}]}}